{"id":4096,"date":"2026-01-29T10:13:41","date_gmt":"2026-01-29T10:13:41","guid":{"rendered":"https:\/\/aurumfidesgold.com\/edelmetallankauf\/"},"modified":"2026-03-22T13:11:06","modified_gmt":"2026-03-22T13:11:06","slug":"edelmetallankauf","status":"publish","type":"page","link":"https:\/\/aurumfidesgold.com\/de\/edelmetallankauf\/","title":{"rendered":"Edelmetallankauf"},"content":{"rendered":"\t\t<div data-elementor-type=\"wp-page\" data-elementor-id=\"4096\" class=\"elementor elementor-4096 elementor-3846\">\n\t\t\t\t\t\t<section class=\"elementor-section elementor-top-section elementor-element elementor-element-f645b55 elementor-section-boxed elementor-section-height-default elementor-section-height-default\" data-id=\"f645b55\" data-element_type=\"section\" data-e-type=\"section\">\n\t\t\t\t\t\t<div class=\"elementor-container elementor-column-gap-default\">\n\t\t\t\t\t<div class=\"elementor-column elementor-col-100 elementor-top-column elementor-element elementor-element-d89f1a1\" data-id=\"d89f1a1\" data-element_type=\"column\" data-e-type=\"column\">\n\t\t\t<div class=\"elementor-widget-wrap elementor-element-populated\">\n\t\t\t\t\t\t<div class=\"elementor-element elementor-element-cb60a47 elementor-widget elementor-widget-text-editor\" data-id=\"cb60a47\" data-element_type=\"widget\" data-e-type=\"widget\" data-widget_type=\"text-editor.default\">\n\t\t\t\t\t\t\t\t\t<center><div class=\"buying-intro\">\n<h2>Verwandeln Sie Ihre Edelmetalle in Liquidit\u00e4t<\/h2>\nBei <strong>Noble Asset Bullion<\/strong> bieten wir wettbewerbsf\u00e4hige Marktpreise f\u00fcr Gold, Silber, Platin und Palladium. Egal, ob Sie eine einzelne M\u00fcnze oder eine gro\u00dfe Sammlung besitzen, unsere erfahrenen Gutachter bieten Ihnen eine transparente und sichere M\u00f6glichkeit, Ihre Verm\u00f6genswerte zu verfl\u00fcssigen. \n<div class=\"buying-steps\" style=\"display: flex; gap: 20px; margin: 30px 0;\">\n<div style=\"flex: 1; text-align: center;\"><span style=\"font-size: 24px;\">\ud83d\udcdd<\/span>\n<h4>1. F\u00fcllen Sie das Formular aus<\/h4>\nTeilen Sie uns mit, was Sie besitzen, und laden Sie Fotos hoch.\n\n<\/div>\n<div style=\"flex: 1; text-align: center;\"><span style=\"font-size: 24px;\">\ud83d\udcb0<\/span>\n<h4>2. Erhalten Sie ein Angebot<\/h4>\nWir werden Sie mit einer vorl\u00e4ufigen Bewertung kontaktieren.\n\n<\/div>\n<div style=\"flex: 1; text-align: center;\"><span style=\"font-size: 24px;\">\ud83c\udfe6<\/span>\n<h4>3. Erhalten Sie Ihre Zahlung<\/h4>\nSenden Sie Ihre Artikel ein und erhalten Sie die Zahlung per Bank\u00fcberweisung.\n\n<\/div>\n<\/div>\n<\/div>\t\t\t\t\t\t\t\t<\/div>\n\t\t\t\t\t<\/div>\n\t\t<\/div>\n\t\t\t\t\t<\/div>\n\t\t<\/section>\n\t\t\t\t<section class=\"elementor-section elementor-top-section elementor-element elementor-element-293c76a elementor-section-boxed elementor-section-height-default elementor-section-height-default\" data-id=\"293c76a\" data-element_type=\"section\" data-e-type=\"section\">\n\t\t\t\t\t\t<div class=\"elementor-container elementor-column-gap-default\">\n\t\t\t\t\t<div class=\"elementor-column elementor-col-100 elementor-top-column elementor-element elementor-element-6b1ebe7\" data-id=\"6b1ebe7\" data-element_type=\"column\" data-e-type=\"column\">\n\t\t\t<div class=\"elementor-widget-wrap elementor-element-populated\">\n\t\t\t\t\t\t<div class=\"elementor-element elementor-element-bab4d76 elementor-widget elementor-widget-nasa-cf7\" data-id=\"bab4d76\" data-element_type=\"widget\" data-e-type=\"widget\" data-widget_type=\"nasa-cf7.default\">\n\t\t\t\t<div class=\"elementor-widget-container\">\n\t\t\t\t\t\n<div class=\"wpcf7 no-js\" id=\"wpcf7-f3286-o1\" lang=\"en-US\" dir=\"ltr\" data-wpcf7-id=\"3286\">\n<div class=\"screen-reader-response\"><p role=\"status\" aria-live=\"polite\" aria-atomic=\"true\"><\/p> <ul><\/ul><\/div>\n<form action=\"\/de\/wp-json\/wp\/v2\/pages\/4096#wpcf7-f3286-o1\" method=\"post\" class=\"wpcf7-form init\" aria-label=\"Contact form\" enctype=\"multipart\/form-data\" novalidate=\"novalidate\" data-status=\"init\">\n<fieldset class=\"hidden-fields-container\"><input type=\"hidden\" name=\"_wpcf7\" value=\"3286\" \/><input type=\"hidden\" name=\"_wpcf7_version\" value=\"6.1.5\" \/><input type=\"hidden\" name=\"_wpcf7_locale\" value=\"en_US\" \/><input type=\"hidden\" name=\"_wpcf7_unit_tag\" value=\"wpcf7-f3286-o1\" \/><input type=\"hidden\" name=\"_wpcf7_container_post\" value=\"0\" \/><input type=\"hidden\" name=\"_wpcf7_posted_data_hash\" value=\"\" \/>\n<\/fieldset>\n<div class=\"buying-form-wrapper\">\n\t<p><label> Country (Select your location)<br \/>\n<span class=\"wpcf7-form-control-wrap\" data-name=\"countries\"><select class=\"wpcf7-form-control wpcf7-select\" aria-invalid=\"false\" name=\"countries\"><option value=\"\">&#8212;Please choose an option&#8212;<\/option><option value=\"Germany\">Germany<\/option><option value=\"Poland\">Poland<\/option><option value=\"Austria\">Austria<\/option><option value=\"Switzerland\">Switzerland<\/option><option value=\"United Kingdom\">United Kingdom<\/option><option value=\"United States\">United States<\/option><option value=\"France\">France<\/option><option value=\"Italy\">Italy<\/option><option value=\"Spain\">Spain<\/option><option value=\"Netherlands\">Netherlands<\/option><option value=\"United Arab Emirates\">United Arab Emirates<\/option><option value=\"Other\">Other<\/option><\/select><\/span> <\/label>\n\t<\/p>\n\t<p><label> Your Email (required)<br \/>\n<span class=\"wpcf7-form-control-wrap\" data-name=\"your-email\"><input size=\"40\" maxlength=\"400\" class=\"wpcf7-form-control wpcf7-email wpcf7-validates-as-required wpcf7-text wpcf7-validates-as-email\" aria-required=\"true\" aria-invalid=\"false\" value=\"\" type=\"email\" name=\"your-email\" \/><\/span> <\/label>\n\t<\/p>\n\t<p><label> Phone Number (required)<br \/>\n<span class=\"wpcf7-form-control-wrap\" data-name=\"phone\"><input size=\"40\" maxlength=\"400\" class=\"wpcf7-form-control wpcf7-text wpcf7-validates-as-required\" aria-required=\"true\" aria-invalid=\"false\" value=\"\" type=\"text\" name=\"phone\" \/><\/span> <\/label>\n\t<\/p>\n\t<div class=\"contact-method-wrap\" style=\"margin-bottom: 20px;\">\n\t\t<p><strong>Preferred Contact Method:<\/strong>\n\t\t<\/p>\n\t\t<p><span class=\"wpcf7-form-control-wrap\" data-name=\"request-mode\"><span class=\"wpcf7-form-control wpcf7-radio\"><span class=\"wpcf7-list-item first\"><input type=\"radio\" name=\"request-mode\" value=\"Call\" checked=\"checked\" \/><span class=\"wpcf7-list-item-label\">Call<\/span><\/span><span class=\"wpcf7-list-item\"><input type=\"radio\" name=\"request-mode\" value=\"SMS\" \/><span class=\"wpcf7-list-item-label\">SMS<\/span><\/span><span class=\"wpcf7-list-item last\"><input type=\"radio\" name=\"request-mode\" value=\"WhatsApp\" \/><span class=\"wpcf7-list-item-label\">WhatsApp<\/span><\/span><\/span><\/span>\n\t\t<\/p>\n\t<\/div>\n<hr style=\"margin: 20px 0; border: 0; border-top: 1px solid #eee;\" \/>\n\t<p><label> What are you selling? (Metal Type)<br \/>\n<span class=\"wpcf7-form-control-wrap\" data-name=\"metal-type\"><select class=\"wpcf7-form-control wpcf7-select\" aria-invalid=\"false\" name=\"metal-type\"><option value=\"\">&#8212;Please choose an option&#8212;<\/option><option value=\"Gold\">Gold<\/option><option value=\"Silver\">Silver<\/option><option value=\"Platinum\">Platinum<\/option><option value=\"Palladium\">Palladium<\/option><option value=\"Mixed Collection\">Mixed Collection<\/option><\/select><\/span> <\/label>\n\t<\/p>\n\t<p><label> Estimated Quantity \/ Weight (e.g. 5x 1oz coins)<br \/>\n<span class=\"wpcf7-form-control-wrap\" data-name=\"items-description\"><input size=\"40\" maxlength=\"400\" class=\"wpcf7-form-control wpcf7-text\" aria-invalid=\"false\" placeholder=\"e.g. 10x 1oz Krugerrand 2020\" value=\"\" type=\"text\" name=\"items-description\" \/><\/span> <\/label>\n\t<\/p>\n\t<div class=\"file-upload-wrap\" style=\"margin-bottom: 20px;\">\n\t\t<p><label>\ud83d\udcf8 Upload Photos of your items (Max 10MB)<\/label>\n\t\t<\/p>\n\t\t<p><span style=\"font-size: 12px; color: #666; display: block; margin-bottom: 5px;\">Clear photos of front and back help us give you a faster and more accurate valuation.<\/span>\n\t\t<\/p>\n\t\t<p><span class=\"wpcf7-form-control-wrap\" data-name=\"your-photo\"><input size=\"40\" class=\"wpcf7-form-control wpcf7-file wpcf7-validates-as-required\" accept=\".jpg,.jpeg,.png,.pdf\" aria-required=\"true\" aria-invalid=\"false\" type=\"file\" name=\"your-photo\" \/><\/span>\n\t\t<\/p>\n\t<\/div>\n\t<p><label> Additional Details<br \/>\n<span class=\"wpcf7-form-control-wrap\" data-name=\"your-message\"><textarea cols=\"40\" rows=\"4\" maxlength=\"2000\" class=\"wpcf7-form-control wpcf7-textarea\" aria-invalid=\"false\" placeholder=\"Any certificates, original packaging, or damage?\" name=\"your-message\"><\/textarea><\/span> <\/label>\n\t<\/p>\n\t<div class=\"nasa-submit-wrap\" style=\"margin-top: 20px;\">\n\t\t<p><input class=\"wpcf7-form-control wpcf7-submit has-spinner nasa-button-gold\" type=\"submit\" value=\"Get My Free Valuation\" \/>\n\t\t<\/p>\n\t<\/div>\n<\/div><div class=\"wpcf7-response-output\" aria-hidden=\"true\"><\/div>\n<\/form>\n<\/div>\n\t\t\t\t<\/div>\n\t\t\t\t<\/div>\n\t\t\t\t\t<\/div>\n\t\t<\/div>\n\t\t\t\t\t<\/div>\n\t\t<\/section>\n\t\t\t\t<\/div>\n\t\t","protected":false},"excerpt":{"rendered":"<p>Verwandeln Sie Ihre Edelmetalle in Liquidit\u00e4t Bei Noble Asset Bullion bieten wir wettbewerbsf\u00e4hige Marktpreise f\u00fcr Gold, Silber, Platin und Palladium. Egal, ob Sie eine einzelne M\u00fcnze oder eine gro\u00dfe Sammlung besitzen, unsere erfahrenen Gutachter bieten Ihnen eine transparente und sichere M\u00f6glichkeit, Ihre Verm\u00f6genswerte zu verfl\u00fcssigen. \ud83d\udcdd 1. F\u00fcllen Sie das Formular aus Teilen Sie uns [&hellip;]<\/p>\n","protected":false},"author":1,"featured_media":0,"parent":0,"menu_order":0,"comment_status":"closed","ping_status":"closed","template":"","meta":{"footnotes":""},"class_list":["post-4096","page","type-page","status-publish","hentry"],"_links":{"self":[{"href":"https:\/\/aurumfidesgold.com\/de\/wp-json\/wp\/v2\/pages\/4096","targetHints":{"allow":["GET"]}}],"collection":[{"href":"https:\/\/aurumfidesgold.com\/de\/wp-json\/wp\/v2\/pages"}],"about":[{"href":"https:\/\/aurumfidesgold.com\/de\/wp-json\/wp\/v2\/types\/page"}],"author":[{"embeddable":true,"href":"https:\/\/aurumfidesgold.com\/de\/wp-json\/wp\/v2\/users\/1"}],"replies":[{"embeddable":true,"href":"https:\/\/aurumfidesgold.com\/de\/wp-json\/wp\/v2\/comments?post=4096"}],"version-history":[{"count":4,"href":"https:\/\/aurumfidesgold.com\/de\/wp-json\/wp\/v2\/pages\/4096\/revisions"}],"predecessor-version":[{"id":4892,"href":"https:\/\/aurumfidesgold.com\/de\/wp-json\/wp\/v2\/pages\/4096\/revisions\/4892"}],"wp:attachment":[{"href":"https:\/\/aurumfidesgold.com\/de\/wp-json\/wp\/v2\/media?parent=4096"}],"curies":[{"name":"wp","href":"https:\/\/api.w.org\/{rel}","templated":true}]}}